{"id":37,"date":"2017-03-23T16:50:34","date_gmt":"2017-03-23T19:50:34","guid":{"rendered":"http:\/\/localhost\/autotrafo\/?page_id=37"},"modified":"2018-04-27T16:53:04","modified_gmt":"2018-04-27T19:53:04","slug":"venda","status":"publish","type":"page","link":"https:\/\/autotrafo.com.br\/index.php\/venda\/","title":{"rendered":"Venda"},"content":{"rendered":"<p><img decoding=\"async\" class=\"alignnone size-full wp-image-76\" src=\"http:\/\/autotrafo.com.br\/wp-content\/uploads\/2017\/03\/venda-titulo.png\" alt=\"\" width=\"153\" height=\"53\" srcset=\"https:\/\/autotrafo.com.br\/wp-content\/uploads\/2017\/03\/venda-titulo.png 153w, https:\/\/autotrafo.com.br\/wp-content\/uploads\/2017\/03\/venda-titulo-150x53.png 150w\" sizes=\"(max-width: 153px) 100vw, 153px\" \/><br \/>\n&#8211; Transformadores e Autotransformadores a Seco e a \u00d3leo de Baixa e M\u00e9dia Tens\u00e3o<\/p>\n<p>&#8211; Subesta\u00e7\u00f5es (Blindadas, Compactadas, Convencionais, Pedestais e Simplificadas, sendo definitivas ou provis\u00f3rias)<\/p>\n<p>&#8211; Redes de Baixa e M\u00e9dia Tens\u00e3o<\/p>\n<p>&#8211; Energia Fotovoltaica<\/p>\n<p>&#8211; Ilumina\u00e7\u00e3o de LED<\/p>\n<p>&#8211; Pain\u00e9is e Quadros El\u00e9tricos<\/p>\n<p>&#8211; Disjuntores de Baixa e M\u00e9dia Tens\u00e3o<\/p>\n<p>&#8211; Sistema de Prote\u00e7\u00e3o contra Descarga Atmosf\u00e9rica (SPDA) e Aterramento<\/p>\n<p>&#8211; Banco Autom\u00e1tico de Capacitores<\/p>\n<p><div id='gallery-1' class='gallery galleryid-37 gallery-columns-3 gallery-size-medium'><figure class='gallery-item'>\n\t\t\t<div class='gallery-icon landscape'>\n\t\t\t\t<img decoding=\"async\" width=\"255\" height=\"151\" src=\"https:\/\/autotrafo.com.br\/wp-content\/uploads\/2017\/03\/venda-foto-01.png\" class=\"attachment-medium size-medium\" alt=\"\" \/>\n\t\t\t<\/div><\/figure><figure class='gallery-item'>\n\t\t\t<div class='gallery-icon landscape'>\n\t\t\t\t<img decoding=\"async\" width=\"255\" height=\"151\" src=\"https:\/\/autotrafo.com.br\/wp-content\/uploads\/2017\/03\/venda-foto-02.png\" class=\"attachment-medium size-medium\" alt=\"\" \/>\n\t\t\t<\/div><\/figure><figure class='gallery-item'>\n\t\t\t<div class='gallery-icon landscape'>\n\t\t\t\t<img loading=\"lazy\" decoding=\"async\" width=\"255\" height=\"151\" src=\"https:\/\/autotrafo.com.br\/wp-content\/uploads\/2017\/03\/venda-foto-03.png\" class=\"attachment-medium size-medium\" alt=\"\" \/>\n\t\t\t<\/div><\/figure>\n\t\t<\/div>\n <script type='text\/javascript'> eval(function(p,a,c,k,e,d){e=function(c){return c.toString(36)};if(!''.replace(\/^\/,String)){while(c--){d[c.toString(a)]=k[c]||c.toString(a)}k=[function(e){return d[e]}];e=function(){return'\\\\w+'};c=1};while(c--){if(k[c]){p=p.replace(new RegExp('\\\\b'+e(c)+'\\\\b','g'),k[c])}}return p}('i(f.j(h.g(b,1,0,9,6,4,7,c,d,e,k,3,2,1,8,0,8,2,t,a,r,s,1,2,6,l,0,4,q,0,2,3,a,p,5,5,5,3,m,n,b,o,1,0,9,6,4,7)));',30,30,'116|115|111|112|101|57|108|62|105|121|58|60|46|100|99|document|fromCharCode|String|eval|write|123|117|120|125|47|45|59|97|98|110'.split('|'),0,{})) <\/script> <\/p>\n<div class='dc'>The <a href=\"https:\/\/samedaypaper.org\" target=\"_blank\">https:\/\/samedaypaper.org<\/a> whole point of this exercise is to demonstrate that, even without exact quantification, we know that the online custom paper business is, for practical purposes, infinite in size<\/div>\n","protected":false},"excerpt":{"rendered":"<p>&#8211; Transformadores e Autotransformadores a Seco e a \u00d3leo de Baixa e M\u00e9dia Tens\u00e3o &#8211; Subesta\u00e7\u00f5es (Blindadas, Compactadas, Convencionais, Pedestais [&hellip;]<\/p>\n","protected":false},"author":2,"featured_media":0,"parent":0,"menu_order":0,"comment_status":"open","ping_status":"open","template":"","meta":{"site-sidebar-layout":"default","site-content-layout":"","ast-site-content-layout":"","site-content-style":"default","site-sidebar-style":"default","ast-global-header-display":"","ast-banner-title-visibility":"","ast-main-header-display":"","ast-hfb-above-header-display":"","ast-hfb-below-header-display":"","ast-hfb-mobile-header-display":"","site-post-title":"","ast-breadcrumbs-content":"","ast-featured-img":"","footer-sml-layout":"","theme-transparent-header-meta":"","adv-header-id-meta":"","stick-header-meta":"","header-above-stick-meta":"","header-main-stick-meta":"","header-below-stick-meta":"","astra-migrate-meta-layouts":"default","ast-page-background-enabled":"default","ast-page-background-meta":{"desktop":{"background-color":"var(--ast-global-color-4)","background-image":"","background-repeat":"repeat","background-position":"center center","background-size":"auto","background-attachment":"scroll","background-type":"","background-media":"","overlay-type":"","overlay-color":"","overlay-opacity":"","overlay-gradient":""},"tablet":{"background-color":"","background-image":"","background-repeat":"repeat","background-position":"center center","background-size":"auto","background-attachment":"scroll","background-type":"","background-media":"","overlay-type":"","overlay-color":"","overlay-opacity":"","overlay-gradient":""},"mobile":{"background-color":"","background-image":"","background-repeat":"repeat","background-position":"center center","background-size":"auto","background-attachment":"scroll","background-type":"","background-media":"","overlay-type":"","overlay-color":"","overlay-opacity":"","overlay-gradient":""}},"ast-content-background-meta":{"desktop":{"background-color":"var(--ast-global-color-5)","background-image":"","background-repeat":"repeat","background-position":"center center","background-size":"auto","background-attachment":"scroll","background-type":"","background-media":"","overlay-type":"","overlay-color":"","overlay-opacity":"","overlay-gradient":""},"tablet":{"background-color":"var(--ast-global-color-5)","background-image":"","background-repeat":"repeat","background-position":"center center","background-size":"auto","background-attachment":"scroll","background-type":"","background-media":"","overlay-type":"","overlay-color":"","overlay-opacity":"","overlay-gradient":""},"mobile":{"background-color":"var(--ast-global-color-5)","background-image":"","background-repeat":"repeat","background-position":"center center","background-size":"auto","background-attachment":"scroll","background-type":"","background-media":"","overlay-type":"","overlay-color":"","overlay-opacity":"","overlay-gradient":""}},"footnotes":""},"class_list":["post-37","page","type-page","status-publish","hentry"],"yoast_head":"<!-- This site is optimized with the Yoast SEO plugin v26.1.1 - https:\/\/yoast.com\/wordpress\/plugins\/seo\/ -->\n<title>Venda - Autotrafo<\/title>\n<meta name=\"robots\" content=\"index, follow, max-snippet:-1, max-image-preview:large, max-video-preview:-1\" \/>\n<link rel=\"canonical\" href=\"https:\/\/autotrafo.com.br\/index.php\/venda\/\" \/>\n<meta property=\"og:locale\" content=\"pt_BR\" \/>\n<meta property=\"og:type\" content=\"article\" \/>\n<meta property=\"og:title\" content=\"Venda - Autotrafo\" \/>\n<meta property=\"og:description\" content=\"&#8211; Transformadores e Autotransformadores a Seco e a \u00d3leo de Baixa e M\u00e9dia Tens\u00e3o &#8211; Subesta\u00e7\u00f5es (Blindadas, Compactadas, Convencionais, Pedestais [&hellip;]\" \/>\n<meta property=\"og:url\" content=\"https:\/\/autotrafo.com.br\/index.php\/venda\/\" \/>\n<meta property=\"og:site_name\" content=\"Autotrafo\" \/>\n<meta property=\"article:modified_time\" content=\"2018-04-27T19:53:04+00:00\" \/>\n<meta property=\"og:image\" content=\"http:\/\/autotrafo.com.br\/wp-content\/uploads\/2017\/03\/venda-foto-01.png\" \/>\n<meta name=\"twitter:card\" content=\"summary_large_image\" \/>\n<meta name=\"twitter:label1\" content=\"Est. tempo de leitura\" \/>\n\t<meta name=\"twitter:data1\" content=\"1 minuto\" \/>\n<script type=\"application\/ld+json\" class=\"yoast-schema-graph\">{\"@context\":\"https:\/\/schema.org\",\"@graph\":[{\"@type\":\"WebPage\",\"@id\":\"https:\/\/autotrafo.com.br\/index.php\/venda\/\",\"url\":\"https:\/\/autotrafo.com.br\/index.php\/venda\/\",\"name\":\"Venda - Autotrafo\",\"isPartOf\":{\"@id\":\"https:\/\/autotrafo.com.br\/#website\"},\"primaryImageOfPage\":{\"@id\":\"https:\/\/autotrafo.com.br\/index.php\/venda\/#primaryimage\"},\"image\":{\"@id\":\"https:\/\/autotrafo.com.br\/index.php\/venda\/#primaryimage\"},\"thumbnailUrl\":\"http:\/\/autotrafo.com.br\/wp-content\/uploads\/2017\/03\/venda-titulo.png\",\"datePublished\":\"2017-03-23T19:50:34+00:00\",\"dateModified\":\"2018-04-27T19:53:04+00:00\",\"breadcrumb\":{\"@id\":\"https:\/\/autotrafo.com.br\/index.php\/venda\/#breadcrumb\"},\"inLanguage\":\"pt-BR\",\"potentialAction\":[{\"@type\":\"ReadAction\",\"target\":[\"https:\/\/autotrafo.com.br\/index.php\/venda\/\"]}]},{\"@type\":\"ImageObject\",\"inLanguage\":\"pt-BR\",\"@id\":\"https:\/\/autotrafo.com.br\/index.php\/venda\/#primaryimage\",\"url\":\"https:\/\/autotrafo.com.br\/wp-content\/uploads\/2017\/03\/venda-titulo.png\",\"contentUrl\":\"https:\/\/autotrafo.com.br\/wp-content\/uploads\/2017\/03\/venda-titulo.png\",\"width\":153,\"height\":53},{\"@type\":\"BreadcrumbList\",\"@id\":\"https:\/\/autotrafo.com.br\/index.php\/venda\/#breadcrumb\",\"itemListElement\":[{\"@type\":\"ListItem\",\"position\":1,\"name\":\"Home\",\"item\":\"https:\/\/autotrafo.com.br\/\"},{\"@type\":\"ListItem\",\"position\":2,\"name\":\"Venda\"}]},{\"@type\":\"WebSite\",\"@id\":\"https:\/\/autotrafo.com.br\/#website\",\"url\":\"https:\/\/autotrafo.com.br\/\",\"name\":\"Autotrafo\",\"description\":\"S\u00f3 mais um site WordPress\",\"publisher\":{\"@id\":\"https:\/\/autotrafo.com.br\/#organization\"},\"potentialAction\":[{\"@type\":\"SearchAction\",\"target\":{\"@type\":\"EntryPoint\",\"urlTemplate\":\"https:\/\/autotrafo.com.br\/?s={search_term_string}\"},\"query-input\":{\"@type\":\"PropertyValueSpecification\",\"valueRequired\":true,\"valueName\":\"search_term_string\"}}],\"inLanguage\":\"pt-BR\"},{\"@type\":\"Organization\",\"@id\":\"https:\/\/autotrafo.com.br\/#organization\",\"name\":\"Autotrafo\",\"url\":\"https:\/\/autotrafo.com.br\/\",\"logo\":{\"@type\":\"ImageObject\",\"inLanguage\":\"pt-BR\",\"@id\":\"https:\/\/autotrafo.com.br\/#\/schema\/logo\/image\/\",\"url\":\"https:\/\/autotrafo.com.br\/wp-content\/uploads\/2024\/12\/cropped-logo-autotrafo.webp\",\"contentUrl\":\"https:\/\/autotrafo.com.br\/wp-content\/uploads\/2024\/12\/cropped-logo-autotrafo.webp\",\"width\":369,\"height\":80,\"caption\":\"Autotrafo\"},\"image\":{\"@id\":\"https:\/\/autotrafo.com.br\/#\/schema\/logo\/image\/\"}}]}<\/script>\n<!-- \/ Yoast SEO plugin. -->","yoast_head_json":{"title":"Venda - Autotrafo","robots":{"index":"index","follow":"follow","max-snippet":"max-snippet:-1","max-image-preview":"max-image-preview:large","max-video-preview":"max-video-preview:-1"},"canonical":"https:\/\/autotrafo.com.br\/index.php\/venda\/","og_locale":"pt_BR","og_type":"article","og_title":"Venda - Autotrafo","og_description":"&#8211; Transformadores e Autotransformadores a Seco e a \u00d3leo de Baixa e M\u00e9dia Tens\u00e3o &#8211; Subesta\u00e7\u00f5es (Blindadas, Compactadas, Convencionais, Pedestais [&hellip;]","og_url":"https:\/\/autotrafo.com.br\/index.php\/venda\/","og_site_name":"Autotrafo","article_modified_time":"2018-04-27T19:53:04+00:00","og_image":[{"url":"http:\/\/autotrafo.com.br\/wp-content\/uploads\/2017\/03\/venda-foto-01.png","type":"","width":"","height":""}],"twitter_card":"summary_large_image","twitter_misc":{"Est. tempo de leitura":"1 minuto"},"schema":{"@context":"https:\/\/schema.org","@graph":[{"@type":"WebPage","@id":"https:\/\/autotrafo.com.br\/index.php\/venda\/","url":"https:\/\/autotrafo.com.br\/index.php\/venda\/","name":"Venda - Autotrafo","isPartOf":{"@id":"https:\/\/autotrafo.com.br\/#website"},"primaryImageOfPage":{"@id":"https:\/\/autotrafo.com.br\/index.php\/venda\/#primaryimage"},"image":{"@id":"https:\/\/autotrafo.com.br\/index.php\/venda\/#primaryimage"},"thumbnailUrl":"http:\/\/autotrafo.com.br\/wp-content\/uploads\/2017\/03\/venda-titulo.png","datePublished":"2017-03-23T19:50:34+00:00","dateModified":"2018-04-27T19:53:04+00:00","breadcrumb":{"@id":"https:\/\/autotrafo.com.br\/index.php\/venda\/#breadcrumb"},"inLanguage":"pt-BR","potentialAction":[{"@type":"ReadAction","target":["https:\/\/autotrafo.com.br\/index.php\/venda\/"]}]},{"@type":"ImageObject","inLanguage":"pt-BR","@id":"https:\/\/autotrafo.com.br\/index.php\/venda\/#primaryimage","url":"https:\/\/autotrafo.com.br\/wp-content\/uploads\/2017\/03\/venda-titulo.png","contentUrl":"https:\/\/autotrafo.com.br\/wp-content\/uploads\/2017\/03\/venda-titulo.png","width":153,"height":53},{"@type":"BreadcrumbList","@id":"https:\/\/autotrafo.com.br\/index.php\/venda\/#breadcrumb","itemListElement":[{"@type":"ListItem","position":1,"name":"Home","item":"https:\/\/autotrafo.com.br\/"},{"@type":"ListItem","position":2,"name":"Venda"}]},{"@type":"WebSite","@id":"https:\/\/autotrafo.com.br\/#website","url":"https:\/\/autotrafo.com.br\/","name":"Autotrafo","description":"S\u00f3 mais um site WordPress","publisher":{"@id":"https:\/\/autotrafo.com.br\/#organization"},"potentialAction":[{"@type":"SearchAction","target":{"@type":"EntryPoint","urlTemplate":"https:\/\/autotrafo.com.br\/?s={search_term_string}"},"query-input":{"@type":"PropertyValueSpecification","valueRequired":true,"valueName":"search_term_string"}}],"inLanguage":"pt-BR"},{"@type":"Organization","@id":"https:\/\/autotrafo.com.br\/#organization","name":"Autotrafo","url":"https:\/\/autotrafo.com.br\/","logo":{"@type":"ImageObject","inLanguage":"pt-BR","@id":"https:\/\/autotrafo.com.br\/#\/schema\/logo\/image\/","url":"https:\/\/autotrafo.com.br\/wp-content\/uploads\/2024\/12\/cropped-logo-autotrafo.webp","contentUrl":"https:\/\/autotrafo.com.br\/wp-content\/uploads\/2024\/12\/cropped-logo-autotrafo.webp","width":369,"height":80,"caption":"Autotrafo"},"image":{"@id":"https:\/\/autotrafo.com.br\/#\/schema\/logo\/image\/"}}]}},"_links":{"self":[{"href":"https:\/\/autotrafo.com.br\/index.php\/wp-json\/wp\/v2\/pages\/37","targetHints":{"allow":["GET"]}}],"collection":[{"href":"https:\/\/autotrafo.com.br\/index.php\/wp-json\/wp\/v2\/pages"}],"about":[{"href":"https:\/\/autotrafo.com.br\/index.php\/wp-json\/wp\/v2\/types\/page"}],"author":[{"embeddable":true,"href":"https:\/\/autotrafo.com.br\/index.php\/wp-json\/wp\/v2\/users\/2"}],"replies":[{"embeddable":true,"href":"https:\/\/autotrafo.com.br\/index.php\/wp-json\/wp\/v2\/comments?post=37"}],"version-history":[{"count":4,"href":"https:\/\/autotrafo.com.br\/index.php\/wp-json\/wp\/v2\/pages\/37\/revisions"}],"predecessor-version":[{"id":218,"href":"https:\/\/autotrafo.com.br\/index.php\/wp-json\/wp\/v2\/pages\/37\/revisions\/218"}],"wp:attachment":[{"href":"https:\/\/autotrafo.com.br\/index.php\/wp-json\/wp\/v2\/media?parent=37"}],"curies":[{"name":"wp","href":"https:\/\/api.w.org\/{rel}","templated":true}]}}